{"id":22,"date":"2021-09-13T19:08:49","date_gmt":"2021-09-13T19:08:49","guid":{"rendered":"https:\/\/pippos-dolcevita.de\/?page_id=22"},"modified":"2024-07-03T09:53:49","modified_gmt":"2024-07-03T09:53:49","slug":"impressum","status":"publish","type":"page","link":"https:\/\/pippos-dolcevita.de\/?page_id=22","title":{"rendered":"Impressum"},"content":{"rendered":"\n<h1 class=\"wp-block-heading\">Impressum<\/h1>\n\n\n\n<p>Angaben gem\u00e4\u00df \u00a7 5 TMG<\/p>\n\n\n\n<p>Pippos\u00b4s DolceVita GbR<br>Gutacherstr. 6<br>77756 Hausach<br><\/p>\n\n\n\n<p><strong>Vertreten durch:<\/strong><br>Sabine Provenzano &amp; Giuseppe Provenzano<br><\/p>\n\n\n\n<p><strong>Kontakt:<\/strong><br>Telefon: 0151-61044332<br>E-Mail: <a href=\"mailto:party@PIPPOS-DOLCEVITA.DE\">party@PIPPOS-DOLCEVITA.DE<\/a><\/p>\n\n\n\n<p><strong>Haftungsausschluss:<\/strong><br><br><strong>Datenschutz<\/strong><br><br>Die Nutzung unserer Webseite ist in der Regel ohne Angabe personenbezogener Daten m\u00f6glich. Soweit auf unseren Seiten personenbezogene Daten (beispielsweise Name, Anschrift oder eMail-Adressen) erhoben werden, erfolgt dies, soweit m\u00f6glich, stets auf freiwilliger Basis. Diese Daten werden ohne Ihre ausdr\u00fcckliche Zustimmung nicht an Dritte weitergegeben.<br>Wir weisen darauf hin, dass die Daten\u00fcbertragung im Internet (z.B. bei der Kommunikation per E-Mail) Sicherheitsl\u00fccken aufweisen kann. Ein l\u00fcckenloser Schutz der Daten vor dem Zugriff durch Dritte ist nicht m\u00f6glich.<br>Der Nutzung von im Rahmen der Impressumspflicht ver\u00f6ffentlichten Kontaktdaten durch Dritte zur \u00dcbersendung von nicht ausdr\u00fccklich angeforderter Werbung und Informationsmaterialien wird hiermit ausdr\u00fccklich widersprochen. Die Betreiber der Seiten behalten sich ausdr\u00fccklich rechtliche Schritte im Falle der unverlangten Zusendung von Werbeinformationen, etwa durch Spam-Mails, vor.<br><br>Impressum vom <a href=\"https:\/\/www.impressum-generator.de\">Impressum Generator<\/a> der <a href=\"https:\/\/www.kanzlei-hasselbach.de\/standorte\/frankfurt\/\">Kanzlei Hasselbach, Frankfurt<\/a><\/p>\n","protected":false},"excerpt":{"rendered":"<p>Impressum Angaben gem\u00e4\u00df \u00a7 5 TMG Pippos\u00b4s DolceVita GbRGutacherstr. 677756 Hausach Vertreten durch:Sabine Provenzano &amp; Giuseppe Provenzano Kontakt:Telefon: 0151-61044332E-Mail: party@PIPPOS-DOLCEVITA.DE Haftungsausschluss: Datenschutz Die Nutzung unserer Webseite ist in der Regel ohne Angabe personenbezogener Daten m\u00f6glich. Soweit auf unseren Seiten personenbezogene Daten (beispielsweise Name, Anschrift oder eMail-Adressen) erhoben werden, erfolgt dies, soweit m\u00f6glich, stets auf freiwilliger &hellip; <\/p>\n<p class=\"link-more\"><a href=\"https:\/\/pippos-dolcevita.de\/?page_id=22\" class=\"more-link\">Mehr <span class=\"screen-reader-text\">\u00fcber &#8222;Impressum&#8220; <\/span>Lesen<\/a><\/p>\n","protected":false},"author":2,"featured_media":0,"parent":0,"menu_order":0,"comment_status":"closed","ping_status":"closed","template":"","meta":{"footnotes":""},"class_list":["post-22","page","type-page","status-publish","hentry"],"_links":{"self":[{"href":"https:\/\/pippos-dolcevita.de\/index.php?rest_route=\/wp\/v2\/pages\/22","targetHints":{"allow":["GET"]}}],"collection":[{"href":"https:\/\/pippos-dolcevita.de\/index.php?rest_route=\/wp\/v2\/pages"}],"about":[{"href":"https:\/\/pippos-dolcevita.de\/index.php?rest_route=\/wp\/v2\/types\/page"}],"author":[{"embeddable":true,"href":"https:\/\/pippos-dolcevita.de\/index.php?rest_route=\/wp\/v2\/users\/2"}],"replies":[{"embeddable":true,"href":"https:\/\/pippos-dolcevita.de\/index.php?rest_route=%2Fwp%2Fv2%2Fcomments&post=22"}],"version-history":[{"count":4,"href":"https:\/\/pippos-dolcevita.de\/index.php?rest_route=\/wp\/v2\/pages\/22\/revisions"}],"predecessor-version":[{"id":208,"href":"https:\/\/pippos-dolcevita.de\/index.php?rest_route=\/wp\/v2\/pages\/22\/revisions\/208"}],"wp:attachment":[{"href":"https:\/\/pippos-dolcevita.de\/index.php?rest_route=%2Fwp%2Fv2%2Fmedia&parent=22"}],"curies":[{"name":"wp","href":"https:\/\/api.w.org\/{rel}","templated":true}]}}