{"id":148,"date":"2022-02-05T18:18:51","date_gmt":"2022-02-05T18:18:51","guid":{"rendered":"https:\/\/pippos-dolcevita.de\/?page_id=148"},"modified":"2022-02-05T18:18:51","modified_gmt":"2022-02-05T18:18:51","slug":"deklarationspflichtige-zusatzstoffe","status":"publish","type":"page","link":"https:\/\/pippos-dolcevita.de\/?page_id=148","title":{"rendered":"Deklarationspflichtige Zusatzstoffe"},"content":{"rendered":"\n<p><\/p>\n\n\n\n<ol class=\"wp-block-list\"><li>mit Farbstoff<\/li><li>mit Konservierungsmittel<\/li><li>mit Antioxidationsmittel<\/li><li>mit Geschmacksverst\u00e4rker<\/li><li>geschwefelt<\/li><li>geschw\u00e4rzt<\/li><li>mit Phosphat<\/li><li>mit Milcheiwei\u00df ( bei Fleischerzeugnissen )<\/li><li>koffeinhaltig<\/li><li>chininhaltig<\/li><li>mit S\u00fc\u00dfungsmittel(n)<\/li><li>gewachst<\/li><li>enth\u00e4lt eine Phenylalaninquelle<\/li><li>hergestellt mit Formfleischerzeugnissen<\/li><li>hergestellt mit fein zerkleinertem Fleisch<\/li><li>mit Eiklar<\/li><li>unter Verwendung von Sahne<\/li><li>genetisch ver\u00e4ndert<\/li><\/ol>\n\n\n\n<p><strong>&nbsp;<\/strong><strong>Deklarationspflichtige Allergene<\/strong><\/p>\n\n\n\n<p>&nbsp; a &nbsp; &nbsp; Glutenhaltiges Getreide ( Weizen 1, Dinkel 2, Roggen 3, Gerste 4, Hafer 5, Kamut 6, &nbsp; &nbsp;<\/p>\n\n\n\n<p>&nbsp;&nbsp; &nbsp; &nbsp; &nbsp; &nbsp; &nbsp; Hybridst\u00e4mme 7 )<\/p>\n\n\n\n<p>&nbsp; b &nbsp; &nbsp; Krebstiere und daraus gewonnene Erzeugnisse<\/p>\n\n\n\n<p>&nbsp; &nbsp; &nbsp; &nbsp; c &nbsp; &nbsp; Eier und daraus gewonnene Erzeugnisse<\/p>\n\n\n\n<p>&nbsp; &nbsp; &nbsp; &nbsp; d&nbsp; &nbsp; Fische und daraus gewonnene Erzeugnisse<\/p>\n\n\n\n<p>&nbsp; &nbsp; &nbsp; &nbsp; e&nbsp; &nbsp; Erdn\u00fcsse und daraus gewonnene Erzeugnisse<\/p>\n\n\n\n<p>&nbsp; &nbsp; &nbsp; &nbsp; f &nbsp; &nbsp; Soja(bohnen) und daraus gewonnene Erzeugnisse<\/p>\n\n\n\n<p>&nbsp; &nbsp; &nbsp; &nbsp; g&nbsp; &nbsp; Milch und daraus gewonnene Erzeugnisse<\/p>\n\n\n\n<p>&nbsp; &nbsp; &nbsp; &nbsp; h&nbsp; &nbsp; Schalenfr\u00fcchte ( Mandeln 1, Haseln\u00fcsse 2, Waln\u00fcsse 3, Macadamia 4, Cashew 5, Pecan 6,<\/p>\n\n\n\n<p>&nbsp; &nbsp; &nbsp; &nbsp; &nbsp; &nbsp; &nbsp; &nbsp; &nbsp; &nbsp; Paranuss 7, Pistazie 8, Queenslandnuss 9 )<\/p>\n\n\n\n<p>&nbsp; &nbsp; &nbsp; &nbsp; i &nbsp; &nbsp; Sellerie und daraus gewonnene Erzeugnisse<\/p>\n\n\n\n<p>&nbsp; &nbsp; &nbsp; &nbsp; j &nbsp; &nbsp; Senf und daraus gewonnene Erzeugnisse<\/p>\n\n\n\n<p>&nbsp; &nbsp; &nbsp; &nbsp; k&nbsp; &nbsp; Sesamsamen und daraus gewonnene Erzeugnisse<\/p>\n\n\n\n<p>&nbsp; &nbsp; &nbsp; &nbsp; l &nbsp; &nbsp; Schwefeloxid und Sulfite ( mehr als 10mg\/kg )<\/p>\n\n\n\n<p>&nbsp;&nbsp; &nbsp; &nbsp; m &nbsp; Lupinen und daraus gewonnene Produkte<\/p>\n\n\n\n<p>\u00a0\u00a0 \u00a0 \u00a0 n\u00a0 \u00a0 Weichtiere und daraus gewonnene Produkte<\/p>\n\n\n\n<p><strong>&nbsp;<\/strong><strong>Deklarationspflichtige Allergene<\/strong><\/p>\n\n\n\n<p>&nbsp; a &nbsp; &nbsp; Glutenhaltiges Getreide ( Weizen 1, Dinkel 2, Roggen 3, Gerste 4, Hafer 5, Kamut 6, &nbsp; &nbsp;<\/p>\n\n\n\n<p>&nbsp;&nbsp; &nbsp; &nbsp; &nbsp; &nbsp; &nbsp; Hybridst\u00e4mme 7 )<\/p>\n\n\n\n<p>&nbsp; b &nbsp; &nbsp; Krebstiere und daraus gewonnene Erzeugnisse<\/p>\n\n\n\n<p>&nbsp; &nbsp; &nbsp; &nbsp; c &nbsp; &nbsp; Eier und daraus gewonnene Erzeugnisse<\/p>\n\n\n\n<p>&nbsp; &nbsp; &nbsp; &nbsp; d&nbsp; &nbsp; Fische und daraus gewonnene Erzeugnisse<\/p>\n\n\n\n<p>&nbsp; &nbsp; &nbsp; &nbsp; e&nbsp; &nbsp; Erdn\u00fcsse und daraus gewonnene Erzeugnisse<\/p>\n\n\n\n<p>&nbsp; &nbsp; &nbsp; &nbsp; f &nbsp; &nbsp; Soja(bohnen) und daraus gewonnene Erzeugnisse<\/p>\n\n\n\n<p>&nbsp; &nbsp; &nbsp; &nbsp; g&nbsp; &nbsp; Milch und daraus gewonnene Erzeugnisse<\/p>\n\n\n\n<p>&nbsp; &nbsp; &nbsp; &nbsp; h&nbsp; &nbsp; Schalenfr\u00fcchte ( Mandeln 1, Haseln\u00fcsse 2, Waln\u00fcsse 3, Macadamia 4, Cashew 5, Pecan 6,<\/p>\n\n\n\n<p>&nbsp; &nbsp; &nbsp; &nbsp; &nbsp; &nbsp; &nbsp; &nbsp; &nbsp; &nbsp; Paranuss 7, Pistazie 8, Queenslandnuss 9 )<\/p>\n\n\n\n<p>&nbsp; &nbsp; &nbsp; &nbsp; i &nbsp; &nbsp; Sellerie und daraus gewonnene Erzeugnisse<\/p>\n\n\n\n<p>&nbsp; &nbsp; &nbsp; &nbsp; j &nbsp; &nbsp; Senf und daraus gewonnene Erzeugnisse<\/p>\n\n\n\n<p>&nbsp; &nbsp; &nbsp; &nbsp; k&nbsp; &nbsp; Sesamsamen und daraus gewonnene Erzeugnisse<\/p>\n\n\n\n<p>&nbsp; &nbsp; &nbsp; &nbsp; l &nbsp; &nbsp; Schwefeloxid und Sulfite ( mehr als 10mg\/kg )<\/p>\n\n\n\n<p>&nbsp;&nbsp; &nbsp; &nbsp; m &nbsp; Lupinen und daraus gewonnene Produkte<\/p>\n\n\n\n<p>&nbsp;&nbsp; &nbsp; &nbsp; n&nbsp; &nbsp; Weichtiere und daraus gewonnene Produkte<\/p>\n","protected":false},"excerpt":{"rendered":"<p>mit Farbstoff mit Konservierungsmittel mit Antioxidationsmittel mit Geschmacksverst\u00e4rker geschwefelt geschw\u00e4rzt mit Phosphat mit Milcheiwei\u00df ( bei Fleischerzeugnissen ) koffeinhaltig chininhaltig mit S\u00fc\u00dfungsmittel(n) gewachst enth\u00e4lt eine Phenylalaninquelle hergestellt mit Formfleischerzeugnissen hergestellt mit fein zerkleinertem Fleisch mit Eiklar unter Verwendung von Sahne genetisch ver\u00e4ndert &nbsp;Deklarationspflichtige Allergene &nbsp; a &nbsp; &nbsp; Glutenhaltiges Getreide ( Weizen 1, Dinkel 2, &hellip; <\/p>\n<p class=\"link-more\"><a href=\"https:\/\/pippos-dolcevita.de\/?page_id=148\" class=\"more-link\">Mehr <span class=\"screen-reader-text\">\u00fcber &#8222;Deklarationspflichtige Zusatzstoffe&#8220; <\/span>Lesen<\/a><\/p>\n","protected":false},"author":2,"featured_media":0,"parent":0,"menu_order":0,"comment_status":"closed","ping_status":"closed","template":"","meta":{"footnotes":""},"class_list":["post-148","page","type-page","status-publish","hentry"],"_links":{"self":[{"href":"https:\/\/pippos-dolcevita.de\/index.php?rest_route=\/wp\/v2\/pages\/148","targetHints":{"allow":["GET"]}}],"collection":[{"href":"https:\/\/pippos-dolcevita.de\/index.php?rest_route=\/wp\/v2\/pages"}],"about":[{"href":"https:\/\/pippos-dolcevita.de\/index.php?rest_route=\/wp\/v2\/types\/page"}],"author":[{"embeddable":true,"href":"https:\/\/pippos-dolcevita.de\/index.php?rest_route=\/wp\/v2\/users\/2"}],"replies":[{"embeddable":true,"href":"https:\/\/pippos-dolcevita.de\/index.php?rest_route=%2Fwp%2Fv2%2Fcomments&post=148"}],"version-history":[{"count":1,"href":"https:\/\/pippos-dolcevita.de\/index.php?rest_route=\/wp\/v2\/pages\/148\/revisions"}],"predecessor-version":[{"id":149,"href":"https:\/\/pippos-dolcevita.de\/index.php?rest_route=\/wp\/v2\/pages\/148\/revisions\/149"}],"wp:attachment":[{"href":"https:\/\/pippos-dolcevita.de\/index.php?rest_route=%2Fwp%2Fv2%2Fmedia&parent=148"}],"curies":[{"name":"wp","href":"https:\/\/api.w.org\/{rel}","templated":true}]}}